{"id":133,"date":"2019-11-14T11:45:11","date_gmt":"2019-11-14T10:45:11","guid":{"rendered":"http:\/\/www.msrswe.se\/?page_id=133"},"modified":"2021-07-16T19:31:35","modified_gmt":"2021-07-16T18:31:35","slug":"meifu-shinkage-ryu","status":"publish","type":"page","link":"https:\/\/www.msrswe.se\/?page_id=133","title":{"rendered":"Meifu Shinkage Ry\u00fb"},"content":{"rendered":"\n<p>Meifu Shinkage Ryu grundades under 1970-talet av Chikatoshi Someya.<\/p>\n\n\n\n<div class=\"wp-block-image\"><figure class=\"alignright size-medium\"><img loading=\"lazy\" decoding=\"async\" width=\"108\" height=\"300\" src=\"https:\/\/media.msrswe.se\/2019\/12\/Someya-108x300.jpg\" alt=\"\" class=\"wp-image-205\" srcset=\"https:\/\/media.msrswe.se\/2019\/12\/Someya-108x300.jpg 108w, https:\/\/media.msrswe.se\/2019\/12\/Someya.jpg 294w\" sizes=\"auto, (max-width: 108px) 100vw, 108px\" \/><\/figure><\/div>\n\n\n\n<p>Someya tr\u00e4nade och studerade redan fr\u00e5n 50-talet den mer v\u00e4lk\u00e4nda skolan Katori Shinto Ryu, d\u00e4r man till en liten del tr\u00e4nade konsten att kasta boshuriken. Someyas intresse f\u00f6r boshuriken v\u00e4xte och han b\u00f6rjade f\u00f6r\u00e4ndra och f\u00f6rb\u00e4ttra kastteknikerna. Samtidigt b\u00f6rjade Someya forska p\u00e5 historia och tekniker fr\u00e5n olika gamla kampskolor. Resultatet blev den utformning p\u00e5 boshuriken och kastteknik vi anv\u00e4nder idag. Under 70-talet etablerade Someya sin egen stil och kallade den Meifu Shinkage Ryu. In i MSR tog Someya \u00e4ven med andra kunskaper han l\u00e4rt sig fr\u00e5n Katori Shinto Ryu. Tillsamans in i repertoaren av tekniker lades tekniker in med andra vapen som Fund\u00f4 Kusari och Shoken. Ursprungligen fanns \u00e4ven ytterligare vapen, men dessa tr\u00e4nas v\u00e4ldigt s\u00e4llan och finns idag inte med i MSRs l\u00e4roplan.<\/p>\n\n\n\n<p>Someya Sensei gick tyv\u00e4rr bort 1996 och hans familj gav v\u00e5r nuvarande m\u00e4stare, Yasuyuki Otsuka titeln soke 2009. Otsuka jobbar numera p\u00e5 heltid med att sprida MSR och han \u00e5ker runt i v\u00e4rlden f\u00f6r att h\u00e5lla seminarier och l\u00e4ger f\u00f6r att promota stilen.<\/p>\n\n\n\n<p>MSR Sverige har regelbundet tr\u00e4nat f\u00f6r Otsuka sedan 2015 d\u00e4r vi bes\u00f6kt honom personligen i japan, samt medverkat p\u00e5 ett par internationella l\u00e4ger. Vi har \u00e4n s\u00e5 l\u00e4nge inte haft n\u00f6jet eller m\u00f6jligheten att bjuda in honom till Sverige, men hoppas att det bara \u00e4r en tidsfr\u00e5ga.<\/p>\n\n\n\n<figure class=\"wp-block-image size-large\"><img loading=\"lazy\" decoding=\"async\" width=\"1024\" height=\"612\" src=\"https:\/\/media.msrswe.se\/2019\/12\/Soke2015Prague.jpg\" alt=\"\" class=\"wp-image-203\" srcset=\"https:\/\/media.msrswe.se\/2019\/12\/Soke2015Prague.jpg 1024w, https:\/\/media.msrswe.se\/2019\/12\/Soke2015Prague-300x179.jpg 300w, https:\/\/media.msrswe.se\/2019\/12\/Soke2015Prague-768x459.jpg 768w\" sizes=\"auto, (max-width: 1024px) 100vw, 1024px\" \/><figcaption>Yasuyuki Otsuka Soke<\/figcaption><\/figure>\n","protected":false},"excerpt":{"rendered":"<p>Meifu Shinkage Ryu grundades under 1970-talet av Chikatoshi Someya. Someya tr\u00e4nade och studerade redan fr\u00e5n 50-talet den mer v\u00e4lk\u00e4nda skolan Katori Shinto Ryu, d\u00e4r man till en liten del tr\u00e4nade konsten att kasta boshuriken. Someyas intresse f\u00f6r boshuriken v\u00e4xte och han b\u00f6rjade f\u00f6r\u00e4ndra och f\u00f6rb\u00e4ttra kastteknikerna. Samtidigt b\u00f6rjade Someya forska p\u00e5 historia och tekniker fr\u00e5n [&hellip;]<\/p>\n","protected":false},"author":1,"featured_media":0,"parent":0,"menu_order":0,"comment_status":"closed","ping_status":"closed","template":"","meta":{"footnotes":""},"class_list":["post-133","page","type-page","status-publish","hentry"],"_links":{"self":[{"href":"https:\/\/www.msrswe.se\/index.php?rest_route=\/wp\/v2\/pages\/133","targetHints":{"allow":["GET"]}}],"collection":[{"href":"https:\/\/www.msrswe.se\/index.php?rest_route=\/wp\/v2\/pages"}],"about":[{"href":"https:\/\/www.msrswe.se\/index.php?rest_route=\/wp\/v2\/types\/page"}],"author":[{"embeddable":true,"href":"https:\/\/www.msrswe.se\/index.php?rest_route=\/wp\/v2\/users\/1"}],"replies":[{"embeddable":true,"href":"https:\/\/www.msrswe.se\/index.php?rest_route=%2Fwp%2Fv2%2Fcomments&post=133"}],"version-history":[{"count":11,"href":"https:\/\/www.msrswe.se\/index.php?rest_route=\/wp\/v2\/pages\/133\/revisions"}],"predecessor-version":[{"id":436,"href":"https:\/\/www.msrswe.se\/index.php?rest_route=\/wp\/v2\/pages\/133\/revisions\/436"}],"wp:attachment":[{"href":"https:\/\/www.msrswe.se\/index.php?rest_route=%2Fwp%2Fv2%2Fmedia&parent=133"}],"curies":[{"name":"wp","href":"https:\/\/api.w.org\/{rel}","templated":true}]}}